{"id":255573,"date":"2020-12-27T22:58:30","date_gmt":"2020-12-27T22:58:30","guid":{"rendered":"https:\/\/lavco.ca\/privacy-policy\/"},"modified":"2021-01-16T04:18:26","modified_gmt":"2021-01-16T04:18:26","slug":"politique-de-confidentialite","status":"publish","type":"page","link":"https:\/\/lavco.ca\/fr\/politique-de-confidentialite\/","title":{"rendered":"Politique de confidentialit\u00e9"},"content":{"rendered":"\n<p><strong>Politique de confidentialit\u00e9<\/strong><\/p>\n\n\n\n<p>Ceci est la politique de confidentialit\u00e9 de LAVCO (collectivement, \u00abLAVCO\u00bb), et r\u00e9git &amp; nbsp; l&rsquo;utilisation &amp; nbsp; des informations personnelles par LAVCO, que ces informations soient collect\u00e9es via nos sites Web, y compris www.LAVCO.ca (\u00abSite (s) Web\u00bb) \u00bb) Ou autrement, y compris via nos services (le (s)\u00ab Service (s) \u00bb).<\/p>\n\n\n\n<p>Cette politique de confidentialit\u00e9 explique les informations personnelles que nous obtenons de vous dans le cadre de votre utilisation du site Web et des services et les mesures que nous prenons pour s\u00e9curiser ces informations personnelles. &amp; nbsp; LAVCO ne recueillera, n&rsquo;utilisera ni ne divulguera vos renseignements personnels d&rsquo;une mani\u00e8re incompatible avec la l\u00e9gislation f\u00e9d\u00e9rale ou provinciale applicable ou la pr\u00e9sente politique de confidentialit\u00e9. &amp; Nbsp; Dans cette politique de confidentialit\u00e9, les termes \u00abnous\u00bb, \u00abnotre\u00bb et \u00abnotre\u00bb font r\u00e9f\u00e9rence \u00e0 LAVCO. &amp; Nbsp; Dans cette politique de confidentialit\u00e9, les termes \u00abvous\u00bb, \u00abutilisateur\u00bb et \u00abvotre\u00bb font r\u00e9f\u00e9rence \u00e0 un visiteur du site Web ou \u00e0 un utilisateur des services.<\/p>\n\n\n\n<p>En nous soumettant des informations personnelles ou en utilisant d&rsquo;une autre mani\u00e8re l&rsquo;un de nos services ou notre site Web, vous consentez par la pr\u00e9sente \u00e0 la collecte, \u00e0 l&rsquo;utilisation et \u00e0 la &amp; nbsp; divulgation de vos informations personnelles conform\u00e9ment \u00e0 la pr\u00e9sente politique de confidentialit\u00e9.<\/p>\n\n\n\n<p>Si vous n&rsquo;\u00eates pas d&rsquo;accord avec tout ou partie de cette politique de confidentialit\u00e9 et que vous n&rsquo;avez pas atteint l&rsquo;\u00e2ge de la majorit\u00e9 dans votre province de r\u00e9sidence, veuillez ne pas utiliser le site Web ou nos services.<\/p>\n\n\n\n<p>Nous vous recommandons de prendre le temps de lire cette politique de confidentialit\u00e9 afin de comprendre comment nous traitons les informations personnelles. &amp; nbsp; Cette politique de confidentialit\u00e9 peut \u00e9galement changer. &amp; Nbsp; Nous inclurons une date de \u00abderni\u00e8re r\u00e9vision\u00bb dans la politique de confidentialit\u00e9 telle qu\u2019elle est affich\u00e9e sur le site Web. &amp; Nbsp; Nous vous encourageons vivement \u00e0 vous r\u00e9f\u00e9rer r\u00e9guli\u00e8rement \u00e0 la politique de confidentialit\u00e9.<\/p>\n\n\n\n<p><strong>Comment nous collectons et utilisons les informations personnelles<\/strong><\/p>\n\n\n\n<p>&amp; nbsp; Aux fins de la pr\u00e9sente politique de confidentialit\u00e9, les termes suivants auront la signification suivante:<\/p>\n\n\n\n<p>\u00abCoordonn\u00e9es professionnelles\u00bb d\u00e9signe le poste, le nom ou le titre de votre entreprise, votre adresse professionnelle, votre num\u00e9ro de t\u00e9l\u00e9phone professionnel, votre adresse e-mail professionnelle &amp; nbsp; et &amp; nbsp; votre num\u00e9ro de fax professionnel.<\/p>\n\n\n\n<p>\u00abInformations personnelles\u00bb d\u00e9signe des informations sur une personne identifiable, mais n&rsquo;inclut pas les coordonn\u00e9es professionnelles ou les informations g\u00e9n\u00e9rales, statistiques ou agr\u00e9g\u00e9es. &amp; nbsp; Les informations personnelles comprennent un nom, une adresse personnelle, une date de naissance, des coordonn\u00e9es (y compris un num\u00e9ro de t\u00e9l\u00e9phone et une adresse e-mail personnelle), un statut professionnel et un revenu.<\/p>\n\n\n\n<p>Nous identifierons le but de la collecte de vos informations personnelles lorsque nous demanderons de telles informations. &amp; nbsp; Nous recueillons des renseignements personnels uniquement lorsque cela est n\u00e9cessaire pour vous fournir des services et nous n&rsquo;utiliserons ni ne divulguerons vos renseignements personnels autrement qu&rsquo;aux fins pour lesquelles ils ont \u00e9t\u00e9 recueillis, sans votre consentement pr\u00e9alable. &amp; Nbsp; Sans limitation, LAVCO peut collecter vos informations personnelles aux fins suivantes:<\/p>\n\n\n\n<p><strong>Fourniture de services et partage d&rsquo;informations <\/strong>. &amp; nbsp; Vos informations personnelles peuvent \u00eatre collect\u00e9es et utilis\u00e9es par LAVCO pour vous fournir des services via notre site Web ou autrement. &amp; Nbsp; Vos informations personnelles peuvent \u00eatre utilis\u00e9es par LAVCO afin que nous puissions partager des informations sur LAVCO, le site Web et nos services avec vous. &amp; Nbsp; Nous pouvons utiliser vos informations personnelles pour communiquer avec vous concernant vos demandes d&rsquo;informations, demandes de service, opportunit\u00e9s d&#8217;emploi ou autres probl\u00e8mes li\u00e9s \u00e0 votre utilisation du site Web et des services, et sur la base de vos informations personnelles, nous pouvons vous envoyer des promotions personnalis\u00e9es. ou offres.<\/p>\n\n\n\n<p><strong>Informations sur le projet <\/strong>. &amp; nbsp; Pour certains projets promus via le site Web, nous pouvons vous permettre d&rsquo;indiquer votre int\u00e9r\u00eat pour ces projets et d&rsquo;obtenir de plus amples informations sur le projet en remplissant un formulaire et en effectuant une soumission via le site Web. &amp; Nbsp; Dans ce cas, nous utiliserons les informations demand\u00e9es sur le formulaire d&rsquo;inscription uniquement dans le but de faciliter la communication avec vous sur le projet qui vous int\u00e9resse et les futurs projets LAVCO. &amp; Nbsp; Nous pouvons \u00e9galement utiliser ces informations pour nous permettre d&rsquo;adapter nos futurs projets \u00e0 vos int\u00e9r\u00eats.<\/p>\n\n\n\n<p><strong>Demandes de service \/ garantie <\/strong>: &amp; nbsp; Si vous choisissez de contacter LAVCO via le site Web avec des demandes de service ou de garantie, vos informations personnelles seront utilis\u00e9es pour r\u00e9pondre et traiter vos demandes de service et de garantie, y compris fournir vos informations personnelles \u00e0 nos agents ou sous-traitants pour compl\u00e9ter toute garantie ou service applicable. travail connexe.<\/p>\n\n\n\n<p><strong>Demandes d&#8217;emploi \/ contrat:<\/strong> &amp; nbsp; Si vous soumettez une demande d&#8217;emploi ou un poste contractuel sur notre site Web, nous recueillons des informations personnelles uniquement si n\u00e9cessaire pour \u00e9valuer votre demande d&#8217;emploi avec LAVCO ou votre candidature pour \u00eatre consid\u00e9r\u00e9e pour un poste d&rsquo;entrepreneur avec LAVCO (collectivement, la \u00abcandidature\u00bb) . &amp; nbsp; Vous reconnaissez et acceptez que vos informations personnelles devront \u00eatre divulgu\u00e9es \u00e0 certains tiers, tels que des fournisseurs de services tiers qui effectueront des recherches pour v\u00e9rifier les informations contenues dans votre application et fourniront une v\u00e9rification des &amp; nbsp; casiers &amp; nbsp; criminels. &amp; Nbsp; Les informations fournies par ces tiers seront collect\u00e9es par nous dans le cadre du processus de candidature. &amp; Nbsp; Nous utiliserons les informations personnelles obtenues de tiers conform\u00e9ment \u00e0 cette politique de confidentialit\u00e9.<\/p>\n\n\n\n<p><strong>Analyse des services et exp\u00e9riences personnalis\u00e9es. &amp; nbsp;<\/strong><\/p>\n\n\n\n<p>Lorsque vous utilisez notre site Web, un cookie ou une technologie similaire peut \u00eatre plac\u00e9 dans la m\u00e9moire de votre appareil d&rsquo;acc\u00e8s Internet. &amp; nbsp; Un cookie est un petit fichier informatique ou un \u00e9l\u00e9ment d\u2019information qui peut \u00eatre stock\u00e9 sur le disque dur de votre ordinateur lorsque vous visitez nos sites Web. &amp; Nbsp; Les cookies peuvent \u00eatre utilis\u00e9s par nos sites Web pour am\u00e9liorer les fonctionnalit\u00e9s et, dans certains cas, pour offrir aux visiteurs une exp\u00e9rience en ligne personnalis\u00e9e, y compris de la publicit\u00e9 cibl\u00e9e. &amp; Nbsp;<\/p>\n\n\n\n<p>Les &amp; nbsp; sites Web de LAVCO peuvent utiliser des cookies permanents ou des artefacts c\u00f4t\u00e9 serveur pour nous aider \u00e0 suivre &amp; nbsp; l&rsquo;utilisation &amp; nbsp; de nos services par les utilisateurs, y compris les visiteurs occasionnels du site Web, tels que (sans limitation) le nombre et la fr\u00e9quence des visites de nos pages et quelles parties de notre site Web sont visit\u00e9es. &amp; nbsp; Les cookies aident \u00e0 authentifier la fa\u00e7on dont l&rsquo;utilisateur et les informations de connexion sont stock\u00e9s afin que l&rsquo;utilisateur puisse entrer et quitter nos sites Web sans avoir \u00e0 ressaisir les m\u00eames informations. &amp; Nbsp; Les cookies sont \u00e9galement utilis\u00e9s par le serveur pour stocker des informations sur les activit\u00e9s de la page utilisateur, afin que vous puissiez facilement reprendre l\u00e0 o\u00f9 vous vous \u00e9tiez arr\u00eat\u00e9.<\/p>\n\n\n\n<p>De m\u00eame, les sites Web de LAVCO collectent \u00e9galement des informations concernant le type d&rsquo;appareil, votre syst\u00e8me d&rsquo;exploitation, le navigateur que vous utilisez, votre fournisseur d&rsquo;acc\u00e8s Internet, votre nom de domaine, votre adresse de protocole Internet (IP), la date et l&rsquo;heure auxquelles vous avez acc\u00e9d\u00e9 \u00e0 notre Service, le site Web qui vous a renvoy\u00e9 \u00e0 notre site Web, les pages Web que vous avez demand\u00e9es et le sujet des publicit\u00e9s sur lesquelles vous cliquez ou faites d\u00e9filer, et utilisez ces informations pour \u00e9valuer les performances du site Web et la qualit\u00e9 du service. &amp; Nbsp; Pour collecter ces informations, nous ou nos fournisseurs de services utilisons des cookies, des balises Web et des technologies similaires.<\/p>\n\n\n\n<p>LAVCO utilise \u00e9galement des cookies publicitaires et analytiques, tels que Google Analytics, qui nous permettent d&rsquo;analyser le comportement des consommateurs, de d\u00e9velopper des informations pertinentes, puis de fournir une exp\u00e9rience de marque plus attrayante. Ces cookies stockent des informations sur les pages que vous visitez, combien de temps vous passez sur notre site Web, comment vous y \u00eates arriv\u00e9 et sur quoi vous cliquez. &amp; Nbsp; L&rsquo;utilisation de ces cookies tiers par LAVCO consiste \u00e0 collecter des informations de haut niveau sur la mani\u00e8re dont vous utilisez nos sites Web et \u00e0 fournir les informations dont nous avons besoin pour am\u00e9liorer l&rsquo;exp\u00e9rience utilisateur et proposer le contenu que nos visiteurs trouvent le plus utile. &amp; Nbsp; Nous utilisons \u00e9galement ces cookies pour personnaliser les publicit\u00e9s que nous pensons susceptibles de vous int\u00e9resser sur nos sites Web et d&rsquo;autres.<\/p>\n\n\n\n<p>Nous utilisons \u00e9galement le remarketing, le reciblage et des outils similaires pour surveiller vos visites sur nos sites Web et vous annoncer en ligne sur des sites Web sur Internet.<\/p>\n\n\n\n<p>Si vous souhaitez parcourir les sites Web LAVCO, vous pouvez le faire sans accepter les cookies. Cependant, si vous choisissez de ne pas accepter les cookies, certaines zones des sites Web LAVCO peuvent ne pas fonctionner correctement ou de mani\u00e8re optimale.<\/p>\n\n\n\n<p>Les cookies sont largement utilis\u00e9s et la plupart des navigateurs Web sont initialement configur\u00e9s pour accepter automatiquement les cookies. Si vous pr\u00e9f\u00e9rez ne pas accepter les cookies, vous pouvez ajuster les param\u00e8tres de votre navigateur pour vous alerter lorsqu&rsquo;un cookie est sur le point d&rsquo;\u00eatre envoy\u00e9, ou vous pouvez configurer votre navigateur pour refuser automatiquement les cookies. Si vous souhaitez en savoir plus sur la configuration de vos options de cookies, veuillez consulter la documentation de votre navigateur ou l\u2019aide en ligne pour obtenir des instructions.<\/p>\n\n\n\n<p><strong>Autres utilisations des informations personnelles<\/strong><\/p>\n\n\n\n<p>Nous pouvons \u00e9galement utiliser vos informations personnelles pour d\u00e9tecter, pr\u00e9venir ou enqu\u00eater sur des failles de s\u00e9curit\u00e9 ou des fraudes, pour prot\u00e9ger notre entreprise et pour conserver des enregistrements appropri\u00e9s \u00e0 des fins administratives internes.<\/p>\n\n\n\n<p>Nous pouvons \u00e9galement utiliser vos informations personnelles \u00e0 d&rsquo;autres fins qui peuvent \u00eatre introduites dans la pr\u00e9sente politique de confidentialit\u00e9 de temps \u00e0 autre apr\u00e8s notification. &amp; nbsp; Pour plus de certitude, vous acceptez par la pr\u00e9sente qu&rsquo;un pr\u00e9avis suffisant inclut la mise \u00e0 disposition de la politique de confidentialit\u00e9 sur le site Web. &amp; Nbsp; Vous pouvez retirer votre consentement \u00e0 collecter, utiliser et divulguer des informations personnelles en nous contactant comme d\u00e9crit dans la pr\u00e9sente politique de confidentialit\u00e9. &amp; Nbsp; Vous ne pourrez peut-\u00eatre plus acc\u00e9der \u00e0 nos Services si vous retirez votre consentement.<\/p>\n\n\n\n<p><strong>Notre divulgation d&rsquo;informations personnelles<\/strong><\/p>\n\n\n\n<p>LAVCO peut divulguer des renseignements personnels si une loi, un r\u00e8glement, un mandat de perquisition, une assignation ou une ordonnance du tribunal nous oblige ou nous autorise l\u00e9galement \u00e0 le faire. &amp; nbsp; Nous d\u00e9ploierons des efforts raisonnables pour nous assurer que tout tiers \u00e0 qui des informations personnelles sont divulgu\u00e9es fournisse un niveau de protection comparable pour vos informations personnelles, comme pr\u00e9vu dans la pr\u00e9sente politique de confidentialit\u00e9.<\/p>\n\n\n\n<p>De plus, LAVCO se r\u00e9serve le droit de divulguer et de transf\u00e9rer des informations personnelles \u00e0 un tiers en cas d&rsquo;achat, de vente, de fusion, de fusion, ou de tout autre type d&rsquo;acquisition, de cession ou de financement de tout ou toute partie de LAVCO ou l&rsquo;un des actifs ou actions de LAVCO, \u00e0 condition que le tiers d\u00e9clare qu&rsquo;il continuera \u00e0 utiliser les informations aux fins \u00e9nonc\u00e9es dans la pr\u00e9sente politique de confidentialit\u00e9 et conform\u00e9ment aux lois applicables en mati\u00e8re de confidentialit\u00e9.<\/p>\n\n\n\n<p><strong>Conservation des informations personnelles<\/strong><\/p>\n\n\n\n<p> Nous d\u00e9truisons r\u00e9guli\u00e8rement les informations personnelles qui ne sont plus n\u00e9cessaires aux fins d\u00e9crites dans les pr\u00e9sentes, conform\u00e9ment aux lois applicables.<\/p>\n\n\n\n<p><strong>Exactitude &amp; des informations personnelles<\/strong><\/p>\n\n\n\n<p>LAVCO prend des mesures raisonnables pour s&rsquo;assurer que les renseignements personnels dont nous avons la garde sont exacts et \u00e0 jour aux fins pour lesquelles les renseignements personnels doivent \u00eatre utilis\u00e9s par LAVCO. &amp; nbsp; Dans la plupart des cas, nous comptons sur les utilisateurs des Services pour nous informer de toute modification apport\u00e9e \u00e0 leurs informations personnelles fournies par eux.<\/p>\n\n\n\n<p><strong>Comment nous prot\u00e9geons vos informations personnelles<\/strong><\/p>\n\n\n\n<p>LAVCO utilise des mesures raisonnables et appropri\u00e9es, y compris un logiciel de cryptage, con\u00e7ues pour vous aider \u00e0 prot\u00e9ger vos informations personnelles contre toute perte, acc\u00e8s ou divulgation accidentels ou ill\u00e9gaux. &amp; nbsp; Seuls le personnel et les prestataires de services qui ont un objectif commercial l\u00e9gitime pour acc\u00e9der aux informations personnelles que nous collectons sont autoris\u00e9s \u00e0 le faire. &amp; Nbsp; L&rsquo;utilisation non autoris\u00e9e des renseignements personnels par toute personne affili\u00e9e \u00e0 LAVCO est interdite et constitue un motif de sanction disciplinaire. &amp; Nbsp;<\/p>\n\n\n\n<p>Vous et vous \u00eates seuls responsables de veiller \u00e0 ne pas divulguer les informations d&rsquo;acc\u00e8s \u00e0 votre compte \u00e0 des tiers. &amp; nbsp; Cela inclut, mais sans s&rsquo;y limiter, le fait de ne pas divulguer ces informations \u00e0 qui que ce soit, de s&rsquo;assurer qu&rsquo;un logiciel de s\u00e9curit\u00e9 suffisant est install\u00e9 et fonctionne sur votre ordinateur, smartphone ou tablette, que votre pare-feu r\u00e9seau est de qualit\u00e9 suffisante et que votre connexion sans fil est crypt\u00e9e \u00e0 un degr\u00e9 qui emp\u00eachera &amp; nbsp; l&rsquo;acc\u00e8s de tiers &amp; nbsp;. &amp; nbsp; LAVCO n&rsquo;est pas responsable de tout \u00e9chec de votre part pour s\u00e9curiser votre propre appareil et son acc\u00e8s \u00e0 Internet ou votre utilisation de r\u00e9seaux publics non s\u00e9curis\u00e9s. LAVCO n&rsquo;est pas non plus responsable de votre incapacit\u00e9 \u00e0 \u00e9liminer les logiciels malveillants. Ces d\u00e9faillances et d&rsquo;autres peuvent vous rendre vuln\u00e9rable aux violations de la vie priv\u00e9e et vous exposer, vous et vos donn\u00e9es, \u00e0 des risques.<\/p>\n\n\n\n<p><strong>Liens vers des sites tiers<\/strong><\/p>\n\n\n\n<p>L&rsquo;utilisation de nos Services peut vous conduire vers des sites Web tiers. &amp; nbsp; Ces organisations sont s\u00e9par\u00e9es et distinctes de LAVCO et ont leurs propres politiques de confidentialit\u00e9. &amp; Nbsp; Nous ne sommes en aucun cas responsables de la mani\u00e8re dont un tiers recueille, utilise ou divulgue vos informations personnelles, il est donc important de vous familiariser avec les politiques de confidentialit\u00e9 de ces sites Web avant de leur fournir vos informations personnelles.<\/p>\n\n\n\n<p><strong>Acc\u00e8s individuel<\/strong><\/p>\n\n\n\n<p>Sur demande \u00e9crite adress\u00e9e \u00e0 <strong><a href=\"mailto:lavco.sn@gmail.com\">lavco.sn@gmail.com<\/a> <\/strong>, vous serez inform\u00e9 de la existence, utiliser &amp; nbsp; et &amp; nbsp; divulgation de vos informations personnelles, et aura acc\u00e8s \u00e0 ces informations personnelles. &amp; nbsp; LAVCO offre aux particuliers la possibilit\u00e9 de contester l&rsquo;exactitude et l&rsquo;exhaustivit\u00e9 de leurs renseignements personnels et de les faire modifier le cas \u00e9ch\u00e9ant. &amp; Nbsp; Vous pouvez \u00e9galement retirer votre consentement \u00e0 collecter, utiliser et divulguer des informations personnelles en nous contactant.<\/p>\n\n\n\n<p><strong>Nous contacter<\/strong><\/p>\n\n\n\n<p> La responsabilit\u00e9 \u00e0 l&rsquo;\u00e9gard de vos informations personnelles est importante pour LAVCO. &amp; nbsp; Dans le cas o\u00f9 vous avez des questions (y compris la mani\u00e8re dont les informations personnelles sont g\u00e9r\u00e9es par LAVCO), des plaintes ou des pr\u00e9occupations concernant cette politique de confidentialit\u00e9, ou si vous avez des raisons de croire que nous n&rsquo;avons peut-\u00eatre pas respect\u00e9 celle-ci, veuillez nous contacter en envoyant un e-mail. &amp; nbsp; Les questions concernant vos droits et nos responsabilit\u00e9s en vertu de cette politique de confidentialit\u00e9 peuvent \u00eatre adress\u00e9es \u00e0 <strong><a href=\"mailto:lavco.sn@gmail.com\">lavco.sn@gmail.com<\/a><\/strong> &amp; nbsp ;<\/p>\n","protected":false},"excerpt":{"rendered":"<p>Politique de confidentialit\u00e9 Ceci est la politique de confidentialit\u00e9 de LAVCO (collectivement, \u00abLAVCO\u00bb), et r\u00e9git &amp; nbsp; l&rsquo;utilisation &amp; nbsp; des informations personnelles par LAVCO, que ces informations soient collect\u00e9es via nos sites Web, y compris www.LAVCO.ca (\u00abSite (s) Web\u00bb) \u00bb) Ou autrement, y compris via nos services (le (s)\u00ab Service (s) \u00bb). Cette politique [&hellip;]<\/p>\n","protected":false},"author":1,"featured_media":0,"parent":0,"menu_order":0,"comment_status":"closed","ping_status":"closed","template":"","meta":{"_et_pb_use_builder":"","_et_pb_old_content":"","_et_gb_content_width":"1080","footnotes":""},"class_list":["post-255573","page","type-page","status-publish","hentry"],"jetpack_sharing_enabled":true,"_links":{"self":[{"href":"https:\/\/lavco.ca\/fr\/wp-json\/wp\/v2\/pages\/255573","targetHints":{"allow":["GET"]}}],"collection":[{"href":"https:\/\/lavco.ca\/fr\/wp-json\/wp\/v2\/pages"}],"about":[{"href":"https:\/\/lavco.ca\/fr\/wp-json\/wp\/v2\/types\/page"}],"author":[{"embeddable":true,"href":"https:\/\/lavco.ca\/fr\/wp-json\/wp\/v2\/users\/1"}],"replies":[{"embeddable":true,"href":"https:\/\/lavco.ca\/fr\/wp-json\/wp\/v2\/comments?post=255573"}],"version-history":[{"count":2,"href":"https:\/\/lavco.ca\/fr\/wp-json\/wp\/v2\/pages\/255573\/revisions"}],"predecessor-version":[{"id":255576,"href":"https:\/\/lavco.ca\/fr\/wp-json\/wp\/v2\/pages\/255573\/revisions\/255576"}],"wp:attachment":[{"href":"https:\/\/lavco.ca\/fr\/wp-json\/wp\/v2\/media?parent=255573"}],"curies":[{"name":"wp","href":"https:\/\/api.w.org\/{rel}","templated":true}]}}