{"id":255542,"date":"2021-01-08T02:35:44","date_gmt":"2021-01-08T02:35:44","guid":{"rendered":"https:\/\/lavco.ca\/contact\/"},"modified":"2021-01-15T10:30:14","modified_gmt":"2021-01-15T10:30:14","slug":"contact","status":"publish","type":"page","link":"https:\/\/lavco.ca\/fr\/contact\/","title":{"rendered":"Contact"},"content":{"rendered":"\n[et_pb_section fb_built=\u00a0\u00bb1&Prime; admin_label=\u00a0\u00bbHero\u00a0\u00bb _builder_version=\u00a0\u00bb4.7.7&Prime; custom_padding=\u00a0\u00bb0px|0px|0px|0px\u00a0\u00bb border_width_top=\u00a0\u00bb12px\u00a0\u00bb border_color_top=\u00a0\u00bb#152c5b\u00a0\u00bb border_width_bottom=\u00a0\u00bb12px\u00a0\u00bb border_color_bottom=\u00a0\u00bb#152c5b\u00a0\u00bb][et_pb_row _builder_version=\u00a0\u00bb4.7.7&Prime; _module_preset=\u00a0\u00bbdefault\u00a0\u00bb custom_padding=\u00a0\u00bb||7px|||\u00a0\u00bb][et_pb_column type=\u00a0\u00bb4_4&Prime; _builder_version=\u00a0\u00bb4.7.7&Prime; _module_preset=\u00a0\u00bbdefault\u00a0\u00bb][dnxte_text_color_motion text_color_motion=\u00a0\u00bbContactez-Nous\u00a0\u00bb heading_tag=\u00a0\u00bbh1&Prime; text_color_motion_style=\u00a0\u00bbdnxt-grdnt-text-animation-2&Prime; color_motion_text_duration=\u00a0\u00bb3.5s\u00a0\u00bb color_motion_color_one=\u00a0\u00bb#328def\u00a0\u00bb color_motion_color_two=\u00a0\u00bb#328def\u00a0\u00bb color_motion_color_three=\u00a0\u00bb#c9e9ff\u00a0\u00bb color_motion_color_four=\u00a0\u00bb#152c5b\u00a0\u00bb _builder_version=\u00a0\u00bb4.8.0&Prime; _module_preset=\u00a0\u00bbdefault\u00a0\u00bb dnxt_color_motion_fonts_font=\u00a0\u00bbMontserrat|700|||||||\u00a0\u00bb dnxt_color_motion_fonts_text_align=\u00a0\u00bbcenter\u00a0\u00bb dnxt_color_motion_fonts_font_size=\u00a0\u00bb63px\u00a0\u00bb background_color=\u00a0\u00bbrgba(0,0,0,0)\u00a0\u00bb width=\u00a0\u00bb100%\u00a0\u00bb custom_margin=\u00a0\u00bb||-16px|||\u00a0\u00bb custom_padding=\u00a0\u00bb20px||20px||true|false\u00a0\u00bb hover_enabled=\u00a0\u00bb0&Prime; dnxt_color_motion_fonts_font_size_tablet=\u00a0\u00bb41px\u00a0\u00bb dnxt_color_motion_fonts_font_size_phone=\u00a0\u00bb28px\u00a0\u00bb dnxt_color_motion_fonts_font_size_last_edited=\u00a0\u00bbon|desktop\u00a0\u00bb sticky_enabled=\u00a0\u00bb0&Prime;][\/dnxte_text_color_motion][dnxte_gradient_text gradient_title=\u00a0\u00bbLes meilleurs services de nettoyage ext\u00e9rieur de maison dans la grande r\u00e9gion de Montr\u00e9al\u00a0\u00bb gradient_color_one_select_text=\u00a0\u00bb#328DEF\u00a0\u00bb gradient_color_two_select_text=\u00a0\u00bb#152c5b\u00a0\u00bb gradient_type_linear_direction_text=\u00a0\u00bb151deg\u00a0\u00bb _builder_version=\u00a0\u00bb4.8.0&Prime; _module_preset=\u00a0\u00bbdefault\u00a0\u00bb gradient_fonts_font_size=\u00a0\u00bb20px\u00a0\u00bb text_orientation=\u00a0\u00bbcenter\u00a0\u00bb custom_margin=\u00a0\u00bb-35px||24px|||\u00a0\u00bb hover_enabled=\u00a0\u00bb0&Prime; gradient_fonts_font_size_tablet=\u00a0\u00bb16px\u00a0\u00bb gradient_fonts_font_size_phone=\u00a0\u00bb16px\u00a0\u00bb gradient_fonts_font_size_last_edited=\u00a0\u00bbon|desktop\u00a0\u00bb sticky_enabled=\u00a0\u00bb0&Prime;][\/dnxte_gradient_text][\/et_pb_column][\/et_pb_row][et_pb_row column_structure=\u00a0\u00bb2_3,1_3&Prime; _builder_version=\u00a0\u00bb4.7.7&Prime; _module_preset=\u00a0\u00bbdefault\u00a0\u00bb custom_padding=\u00a0\u00bb|||9px||\u00a0\u00bb][et_pb_column type=\u00a0\u00bb2_3&Prime; _builder_version=\u00a0\u00bb4.7.7&Prime; _module_preset=\u00a0\u00bbdefault\u00a0\u00bb][et_pb_wpt_gravityform gravityform_id=\u00a0\u00bbgf-3&Prime; title=\u00a0\u00bboff\u00a0\u00bb description=\u00a0\u00bboff\u00a0\u00bb text_input_bg_color=\u00a0\u00bbrgba(238,238,238,0.73)\u00a0\u00bb _builder_version=\u00a0\u00bb4.8.0&Prime; _module_preset=\u00a0\u00bbdefault\u00a0\u00bb label_font=\u00a0\u00bb|700|||||||\u00a0\u00bb label_text_color=\u00a0\u00bb#152c5b\u00a0\u00bb custom_form_button=\u00a0\u00bbon\u00a0\u00bb form_button_text_size=\u00a0\u00bb18px\u00a0\u00bb form_button_text_color=\u00a0\u00bb#ffffff\u00a0\u00bb form_button_bg_color=\u00a0\u00bb#152c5b\u00a0\u00bb form_button_font=\u00a0\u00bb|600|||||||\u00a0\u00bb custom_margin=\u00a0\u00bb-31px|||||\u00a0\u00bb hover_enabled=\u00a0\u00bb0&Prime; border_width_all_input_general=\u00a0\u00bb0px\u00a0\u00bb border_color_all_input_general=\u00a0\u00bb#328def\u00a0\u00bb sticky_enabled=\u00a0\u00bb0&Prime;][\/et_pb_wpt_gravityform][\/et_pb_column][et_pb_column type=\u00a0\u00bb1_3&Prime; _builder_version=\u00a0\u00bb4.7.7&Prime; _module_preset=\u00a0\u00bbdefault\u00a0\u00bb][et_pb_text _builder_version=\u00a0\u00bb4.8.0&Prime; _module_preset=\u00a0\u00bbdefault\u00a0\u00bb custom_padding=\u00a0\u00bb3px|||||\u00a0\u00bb hover_enabled=\u00a0\u00bb0&Prime; sticky_enabled=\u00a0\u00bb0&Prime;]<p>T\u00e9lephone: <a href=\"tel:15149521417\">(514) 952-1417<\/a><br \/> Courriel: <a href=\"mailto:lavco.sn@gmail.com\">lavco.sn@gmail.com<\/a><\/p>\n[\/et_pb_text][et_pb_code _builder_version=\u00a0\u00bb4.7.7&Prime; _module_preset=\u00a0\u00bbdefault\u00a0\u00bb custom_margin=\u00a0\u00bb||0px|||\u00a0\u00bb]<iframe loading=\"lazy\" src=\"https:\/\/www.google.com\/maps\/embed?pb=!1m14!1m8!1m3!1d178791.4484210245!2d-73.7115626!3d45.5580421!3m2!1i1024!2i768!4f13.1!3m3!1m2!1s0x0%3A0x4ad1f70c9f0efd3d!2sLavco%20Services%20Nettoyage!5e0!3m2!1sen!2sca!4v1610073193785!5m2!1sen!2sca\" width=\"400\" height=\"300\" frameborder=\"0\" style=\"border:0;\" allowfullscreen=\"\" aria-hidden=\"false\" tabindex=\"0\"><\/iframe>[\/et_pb_code][\/et_pb_column][\/et_pb_row][\/et_pb_section]\n","protected":false},"excerpt":{"rendered":"<p><div class=\"et_pb_module dnxte_text_color_motion dnxte_text_color_motion_0\">\n\t\t\t\t\n\t\t\t\t\n\t\t\t\t\n\t\t\t\t\n\t\t\t\t\n\t\t\t\t\n\t\t\t\t<div class=\"et_pb_module_inner\">\n\t\t\t\t\t<div>\r\n\t\t\t\t<h1 class=\"dnxt-grdnt-text-animation-2 dnxt-grdnt-text-animation_font\">\r\n\t\t\t\t\tContactez-Nous\r\n\t\t\t\t<\/h1>\r\n\t\t\t<\/div>\n\t\t\t\t<\/div>\n\t\t\t<\/div><div class=\"et_pb_module dnxte_gradient_text dnxte_gradient_text_0\">\n\t\t\t\t\n\t\t\t\t\n\t\t\t\t\n\t\t\t\t\n\t\t\t\t\n\t\t\t\t\n\t\t\t\t<div class=\"et_pb_module_inner\">\n\t\t\t\t\t<div class=\"dnxt-text-reveal\">\r\n            <div class=\"dnxt-reveal-text-container\">\r\n                <div class=\"\">\r\n                    <h2 class=\"dnxt-gradient-text dnxt-gradient-text-color  \">Les meilleurs services de nettoyage ext\u00e9rieur de maison dans la grande r\u00e9gion de Montr\u00e9al<\/h2>\r\n                <\/div>\r\n            <\/div>\r\n        <\/div>\n\t\t\t\t<\/div>\n\t\t\t<\/div>T\u00e9lephone: (514) 952-1417 Courriel: lavco.sn@gmail.com<\/p>\n","protected":false},"author":1,"featured_media":0,"parent":0,"menu_order":0,"comment_status":"closed","ping_status":"closed","template":"","meta":{"_et_pb_use_builder":"on","_et_pb_old_content":"","_et_gb_content_width":"","footnotes":""},"class_list":["post-255542","page","type-page","status-publish","hentry"],"jetpack_sharing_enabled":true,"_links":{"self":[{"href":"https:\/\/lavco.ca\/fr\/wp-json\/wp\/v2\/pages\/255542","targetHints":{"allow":["GET"]}}],"collection":[{"href":"https:\/\/lavco.ca\/fr\/wp-json\/wp\/v2\/pages"}],"about":[{"href":"https:\/\/lavco.ca\/fr\/wp-json\/wp\/v2\/types\/page"}],"author":[{"embeddable":true,"href":"https:\/\/lavco.ca\/fr\/wp-json\/wp\/v2\/users\/1"}],"replies":[{"embeddable":true,"href":"https:\/\/lavco.ca\/fr\/wp-json\/wp\/v2\/comments?post=255542"}],"version-history":[{"count":3,"href":"https:\/\/lavco.ca\/fr\/wp-json\/wp\/v2\/pages\/255542\/revisions"}],"predecessor-version":[{"id":255547,"href":"https:\/\/lavco.ca\/fr\/wp-json\/wp\/v2\/pages\/255542\/revisions\/255547"}],"wp:attachment":[{"href":"https:\/\/lavco.ca\/fr\/wp-json\/wp\/v2\/media?parent=255542"}],"curies":[{"name":"wp","href":"https:\/\/api.w.org\/{rel}","templated":true}]}}